{"id":26,"date":"2023-03-02T18:10:24","date_gmt":"2023-03-02T15:10:24","guid":{"rendered":"https:\/\/inoware.com.tr\/?page_id=26"},"modified":"2024-02-21T14:40:27","modified_gmt":"2024-02-21T11:40:27","slug":"biz-kimiz","status":"publish","type":"page","link":"https:\/\/inoware.com.tr\/tr\/biz-kimiz\/","title":{"rendered":"Hakk\u0131m\u0131zda"},"content":{"rendered":"\n<p>\u0130\u015fletmeleri, fikirleri ve insanlar\u0131 birbirine ba\u011flayan \u00e7\u00f6z\u00fcm orta\u011f\u0131n\u0131z olarak, farkl\u0131 \u00e7\u00f6z\u00fcmler ara\u015ft\u0131r\u0131yor ve en g\u00fcvenilir kaynaklar\u0131 sunmay\u0131 hedefliyoruz.<\/p>\n\n\n\n<p>Inoware olarak, m\u00fc\u015fterilerimize y\u00fcksek kaliteli \u00fcr\u00fcn tedari\u011fi ve \u00e7\u00f6z\u00fcm deste\u011fi sa\u011flamaya odaklan\u0131yoruz. D\u00fcnyan\u0131n d\u00f6rt bir yan\u0131ndaki ortaklar\u0131m\u0131zla birlikte, bir ekip yakla\u015f\u0131m\u0131na dayanarak, her m\u00fc\u015fterimizin ihtiya\u00e7lar\u0131na an\u0131nda, \u00e7\u00f6z\u00fcm merkezli yan\u0131tlar veriyoruz.<\/p>\n\n\n\n<p>Standart \u00fcr\u00fcnlerin yan\u0131 s\u0131ra \u00f6zelle\u015ftirilmi\u015f \u00e7\u00f6z\u00fcmlerle de tasar\u0131m ve \u00fcr\u00fcn ihtiya\u00e7lar\u0131n\u0131za destek olmak i\u00e7in her zaman yan\u0131n\u0131zday\u0131z.<\/p>\n","protected":false},"excerpt":{"rendered":"\u0130\u015fletmeleri, fikirleri ve insanlar\u0131 birbirine ba\u011flayan \u00e7\u00f6z\u00fcm orta\u011f\u0131n\u0131z olarak, farkl\u0131 \u00e7\u00f6z\u00fcmler ara\u015ft\u0131r\u0131yor ve en g\u00fcvenilir kaynaklar\u0131 sunmay\u0131 hedefliyoruz. Inoware olarak, m\u00fc\u015fterilerimize y\u00fcksek kaliteli \u00fcr\u00fcn tedari\u011fi ve \u00e7\u00f6z\u00fcm deste\u011fi sa\u011flamaya odaklan\u0131yoruz. D\u00fcnyan\u0131n d\u00f6rt bir yan\u0131ndaki ortaklar\u0131m\u0131zla birlikte, bir ekip yakla\u015f\u0131m\u0131na dayanarak, her m\u00fc\u015fterimizin ihtiya\u00e7lar\u0131na an\u0131nda, \u00e7\u00f6z\u00fcm merkezli yan\u0131tlar veriyoruz. Standart \u00fcr\u00fcnlerin yan\u0131 s\u0131ra \u00f6zelle\u015ftirilmi\u015f \u00e7\u00f6z\u00fcmlerle de [&hellip;]","protected":false},"author":1,"featured_media":27,"parent":0,"menu_order":0,"comment_status":"closed","ping_status":"closed","template":"hakkimizda.php","meta":{"footnotes":""},"class_list":["post-26","page","type-page","status-publish","has-post-thumbnail","hentry"],"_links":{"self":[{"href":"https:\/\/inoware.com.tr\/tr\/wp-json\/wp\/v2\/pages\/26","targetHints":{"allow":["GET"]}}],"collection":[{"href":"https:\/\/inoware.com.tr\/tr\/wp-json\/wp\/v2\/pages"}],"about":[{"href":"https:\/\/inoware.com.tr\/tr\/wp-json\/wp\/v2\/types\/page"}],"author":[{"embeddable":true,"href":"https:\/\/inoware.com.tr\/tr\/wp-json\/wp\/v2\/users\/1"}],"replies":[{"embeddable":true,"href":"https:\/\/inoware.com.tr\/tr\/wp-json\/wp\/v2\/comments?post=26"}],"version-history":[{"count":5,"href":"https:\/\/inoware.com.tr\/tr\/wp-json\/wp\/v2\/pages\/26\/revisions"}],"predecessor-version":[{"id":561,"href":"https:\/\/inoware.com.tr\/tr\/wp-json\/wp\/v2\/pages\/26\/revisions\/561"}],"wp:featuredmedia":[{"embeddable":true,"href":"https:\/\/inoware.com.tr\/tr\/wp-json\/wp\/v2\/media\/27"}],"wp:attachment":[{"href":"https:\/\/inoware.com.tr\/tr\/wp-json\/wp\/v2\/media?parent=26"}],"curies":[{"name":"wp","href":"https:\/\/api.w.org\/{rel}","templated":true}]}}